{"id":60,"date":"2018-01-17T22:22:59","date_gmt":"2018-01-17T22:22:59","guid":{"rendered":"http:\/\/www.affccs.org\/jt2025\/?page_id=60"},"modified":"2025-07-09T22:33:16","modified_gmt":"2025-07-09T22:33:16","slug":"venue","status":"publish","type":"page","link":"https:\/\/www.affccs.org\/jt2025\/index.php\/venue\/","title":{"rendered":"Acc\u00e8s"},"content":{"rendered":"\n<figure class=\"wp-block-image\"><img decoding=\"async\" src=\"http:\/\/www.affccs.org\/jt2023\/wp-content\/uploads\/2025\/07\/CARTE-Grenoble-1-1024x515.jpg\" alt=\"\" class=\"wp-image-762\"\/><\/figure>\n\n\n\n<p>Les&nbsp;<strong><em>expos\u00e9s du jeudi 9 octobre&nbsp;<\/em><\/strong>se tiendront dans le b\u00e2timent principal du CNRS, sur le polygone scientifique de Grenoble (quartier Presqu&rsquo;\u00eele), de 10 h \u00e0 18 h 30 :<\/p>\n\n\n\n<p class=\"has-text-align-center\">25, avenue des Martyrs<br>(entr\u00e9e par la rue Jules Horowitz)<br>38000 Grenoble<\/p>\n\n\n\n<p class=\"has-text-color\" style=\"color:#006699\"><strong>Vous recevrez quelques jours avant les Journ\u00e9es th\u00e9matiques une autorisation d\u2019acc\u00e8s au site, \u00e0 imprimer et \u00e0 pr\u00e9senter au poste de garde, avec une pi\u00e8ce d\u2019identit\u00e9 en cours de validit\u00e9.<\/strong><\/p>\n\n\n\n<p><strong>Acc\u00e8s en transport en commun<\/strong><br>Depuis la gare de Grenoble, le site du CNRS se trouve \u00e0 environ 10 minutes en tram&nbsp;: prendre le tram B et descendre au terminus \u00ab\u00a0Oxford\u00a0\u00bb (renseignements sur le site de&nbsp;<a href=\"https:\/\/www.reso-m.fr\/\">M&rsquo;Reso<\/a>)&nbsp;<\/p>\n\n\n\n<p><strong>Acc\u00e8s en voiture<\/strong><br>Le CNRS est facilement accessible en voiture.<br>Depuis Grenoble Sud \/ Chamb\u00e9ry, prendre la sortie n\u00b0&nbsp;1 \u00ab\u00a0Sassenage\u00a0\u00bb. Au premier rond-point, tourner \u00e0 droite sur la rue des Martyrs, puis \u00e0 nouveau \u00e0 droite rue Jules Horowitz.<\/p>\n\n\n\n<p><strong>Acc\u00e8s \u00e0 v\u00e9lo<\/strong><br>De nombreuses pistes cyclables vous m\u00e8neront jusqu\u2019\u00e0 la Presqu\u2019\u00eele. Stationnement v\u00e9lo possible \u00e0 l&rsquo;int\u00e9rieur du site.<\/p>\n\n\n\n<p class=\"has-text-color\" style=\"color:#6b20a5\"><br><\/p>\n\n\n","protected":false},"excerpt":{"rendered":"<p>Les&nbsp;expos\u00e9s du jeudi 9 octobre&nbsp;se tiendront dans le b\u00e2timent principal du CNRS, sur le polygone scientifique de Grenoble (quartier Presqu&rsquo;\u00eele), de 10 h \u00e0 18 h 30 : 25, avenue des Martyrs(entr\u00e9e par la rue Jules Horowitz)38000 Grenoble Vous recevrez &hellip; <a href=\"https:\/\/www.affccs.org\/jt2025\/index.php\/venue\/\">Continuer la lecture <span class=\"meta-nav\">&rarr;<\/span><\/a><\/p>\n","protected":false},"author":1,"featured_media":0,"parent":0,"menu_order":0,"comment_status":"closed","ping_status":"closed","template":"","meta":{"footnotes":""},"class_list":["post-60","page","type-page","status-publish","hentry"],"_links":{"self":[{"href":"https:\/\/www.affccs.org\/jt2025\/index.php\/wp-json\/wp\/v2\/pages\/60","targetHints":{"allow":["GET"]}}],"collection":[{"href":"https:\/\/www.affccs.org\/jt2025\/index.php\/wp-json\/wp\/v2\/pages"}],"about":[{"href":"https:\/\/www.affccs.org\/jt2025\/index.php\/wp-json\/wp\/v2\/types\/page"}],"author":[{"embeddable":true,"href":"https:\/\/www.affccs.org\/jt2025\/index.php\/wp-json\/wp\/v2\/users\/1"}],"replies":[{"embeddable":true,"href":"https:\/\/www.affccs.org\/jt2025\/index.php\/wp-json\/wp\/v2\/comments?post=60"}],"version-history":[{"count":36,"href":"https:\/\/www.affccs.org\/jt2025\/index.php\/wp-json\/wp\/v2\/pages\/60\/revisions"}],"predecessor-version":[{"id":774,"href":"https:\/\/www.affccs.org\/jt2025\/index.php\/wp-json\/wp\/v2\/pages\/60\/revisions\/774"}],"wp:attachment":[{"href":"https:\/\/www.affccs.org\/jt2025\/index.php\/wp-json\/wp\/v2\/media?parent=60"}],"curies":[{"name":"wp","href":"https:\/\/api.w.org\/{rel}","templated":true}]}}