{"id":32,"date":"2018-01-17T21:45:38","date_gmt":"2018-01-17T21:45:38","guid":{"rendered":"http:\/\/www.affccs.org\/jt2025\/?page_id=32"},"modified":"2025-07-11T11:46:34","modified_gmt":"2025-07-11T11:46:34","slug":"sit-18","status":"publish","type":"page","link":"https:\/\/www.affccs.org\/jt2025\/","title":{"rendered":"Bienvenue"},"content":{"rendered":"<h3><span style=\"color: #006699;\">La Commission Cryog\u00e9nie et Supraconductivit\u00e9 de l&rsquo;Association Fran\u00e7aise<br \/>\ndu Froid (AFF-CCS) organisent ses prochaines journ\u00e9es th\u00e9matiques \u00ab\u00a0Cryog\u00e9nie industrielle de forte puissance\u00a0\u00bb \u00e0 Grenoble, le 9 octobre 2025<br \/>\n(\u00e0 partir de 11 h) et le 10 octobre (jusqu&rsquo;\u00e0 14 h).<\/span><\/h3>\n<p>La cryog\u00e9nie aux basses (~100 K) et tr\u00e8s basses temp\u00e9ratures (10 mK) est loin de se confiner aux seuls laboratoires de recherche. On peut ainsi trouver des applications industrielles \u00e0 10 mK (r\u00e9frig\u00e9ration par dilution), principalement dans le domaine du quantique. \u00c0 plus haute temp\u00e9rature, on retrouve les probl\u00e9matiques li\u00e9es \u00e0 la liqu\u00e9faction d&rsquo;h\u00e9lium ou d&rsquo;hydrog\u00e8ne avec de forts d\u00e9bits, ou encore les applications en supraconductivit\u00e9. Enfin, les d\u00e9veloppements des technologies type Turbo-Brayton ont trouv\u00e9 un d\u00e9bouch\u00e9 \u00e0 grande \u00e9chelle dans la reliqu\u00e9faction du m\u00e9thane.<br \/>\nPour toutes ces applications, des gains en puissance froide sont demand\u00e9s, tout en optimisant le rendement avec des solutions simples \u00e0 mettre en \u0153uvre. L&rsquo;objectif de ces journ\u00e9es est d&rsquo;aborder, sous un angle technique, les solutions d\u00e9j\u00e0 mises en \u0153uvre ou en cours de d\u00e9veloppement, le tout sur une large gamme de temp\u00e9ratures.<br \/>\nNous aurons \u00e9galement le plaisir d&rsquo;accueillir Serge Claudet, du CERN, pour un retour d&rsquo;exp\u00e9rience sur 30 ans de cryog\u00e9nie tr\u00e8s forte puissance au CERN.<\/p>\n<p>La premi\u00e8re journ\u00e9e sera consacr\u00e9e \u00e0 des expos\u00e9s. Elle se conclura par un temps convivial dans un restaurant grenoblois. La matin\u00e9e du 10 octobre vous permettra de visiter les sites industriels des soci\u00e9t\u00e9s Absolut System et Air Liquide Advanced Technologies.<\/p>\n<p>Pour des raisons de jauge, notamment pour les visites des sites industriels, le nombre d&rsquo;inscriptions est limit\u00e9 \u00e0 70 personnes.<\/p>\n<p>\u00c0 noter que 2 \u00e9v\u00e9nements compl\u00e9mentaires et gratuits vous sont propos\u00e9s en dehors de ces journ\u00e9es :<br \/>\n&#8211; la possibilit\u00e9 de participer la veille, soit le 8 octobre, \u00e0 une journ\u00e9e de pr\u00e9sentations techniques dans le cadre du <a href=\"https:\/\/quantique.france2030.gouv.fr\/recherche-innovation\/programme-cryonext\/\">programme CryoNext <\/a>; cette journ\u00e9e se tiendra \u00e9galement sur Grenoble, elle est en cours d&rsquo;organisation par les \u00e9quipes de CryoNext (une adresse web d\u00e9di\u00e9e sera prochainement communiqu\u00e9e) ;<br \/>\n&#8211; la possibilit\u00e9 de visites sur les sites de l&rsquo;Institut N\u00e9el et du CEA le vendredi 10 apr\u00e8s-midi.<\/p>\n<div>\n<figure class=\"wp-block-image size-medium is-resized\"><img loading=\"lazy\" decoding=\"async\" width=\"300\" height=\"148\" class=\"wp-image-390 aligncenter\" src=\"http:\/\/www.affccs.org\/jt2025\/wp-content\/uploads\/2020\/02\/affccs-1-300x148.jpg\" alt=\"\" srcset=\"https:\/\/www.affccs.org\/jt2025\/wp-content\/uploads\/2020\/02\/affccs-1-300x148.jpg 300w, https:\/\/www.affccs.org\/jt2025\/wp-content\/uploads\/2020\/02\/affccs-1-1024x505.jpg 1024w, https:\/\/www.affccs.org\/jt2025\/wp-content\/uploads\/2020\/02\/affccs-1-768x378.jpg 768w, https:\/\/www.affccs.org\/jt2025\/wp-content\/uploads\/2020\/02\/affccs-1.jpg 1244w\" sizes=\"auto, (max-width: 300px) 100vw, 300px\" \/><\/figure>\n<\/div>\n<p>&nbsp;<\/p>\n<p>&nbsp;<\/p>\n","protected":false},"excerpt":{"rendered":"<p>La Commission Cryog\u00e9nie et Supraconductivit\u00e9 de l&rsquo;Association Fran\u00e7aise du Froid (AFF-CCS) organisent ses prochaines journ\u00e9es th\u00e9matiques \u00ab\u00a0Cryog\u00e9nie industrielle de forte puissance\u00a0\u00bb \u00e0 Grenoble, le 9 octobre 2025 (\u00e0 partir de 11 h) et le 10 octobre (jusqu&rsquo;\u00e0 14 h). La &hellip; <a href=\"https:\/\/www.affccs.org\/jt2025\/\">Continuer la lecture <span class=\"meta-nav\">&rarr;<\/span><\/a><\/p>\n","protected":false},"author":1,"featured_media":0,"parent":0,"menu_order":0,"comment_status":"closed","ping_status":"closed","template":"","meta":{"footnotes":""},"class_list":["post-32","page","type-page","status-publish","hentry"],"_links":{"self":[{"href":"https:\/\/www.affccs.org\/jt2025\/index.php\/wp-json\/wp\/v2\/pages\/32","targetHints":{"allow":["GET"]}}],"collection":[{"href":"https:\/\/www.affccs.org\/jt2025\/index.php\/wp-json\/wp\/v2\/pages"}],"about":[{"href":"https:\/\/www.affccs.org\/jt2025\/index.php\/wp-json\/wp\/v2\/types\/page"}],"author":[{"embeddable":true,"href":"https:\/\/www.affccs.org\/jt2025\/index.php\/wp-json\/wp\/v2\/users\/1"}],"replies":[{"embeddable":true,"href":"https:\/\/www.affccs.org\/jt2025\/index.php\/wp-json\/wp\/v2\/comments?post=32"}],"version-history":[{"count":80,"href":"https:\/\/www.affccs.org\/jt2025\/index.php\/wp-json\/wp\/v2\/pages\/32\/revisions"}],"predecessor-version":[{"id":798,"href":"https:\/\/www.affccs.org\/jt2025\/index.php\/wp-json\/wp\/v2\/pages\/32\/revisions\/798"}],"wp:attachment":[{"href":"https:\/\/www.affccs.org\/jt2025\/index.php\/wp-json\/wp\/v2\/media?parent=32"}],"curies":[{"name":"wp","href":"https:\/\/api.w.org\/{rel}","templated":true}]}}