{"id":12,"date":"2018-01-17T23:37:18","date_gmt":"2018-01-17T23:37:18","guid":{"rendered":"http:\/\/www.affccs.org\/jt2025\/?page_id=12"},"modified":"2025-09-08T14:29:10","modified_gmt":"2025-09-08T14:29:10","slug":"registration","status":"publish","type":"page","link":"https:\/\/www.affccs.org\/jt2025\/index.php\/registration\/","title":{"rendered":"Inscription"},"content":{"rendered":"<p><a href=\"https:\/\/survey.neel.cnrs.fr\/index.php?r=survey\/index&amp;sid=415491&amp;lang=fr\">Le formulaire d&rsquo;inscription est disponible ici<\/a>.\u00a0<\/p>\n<p class=\"paragraph_style_2\">La date limite d&rsquo;inscription est fix\u00e9e au 11 septembre, <strong>dans la limite des places disponibles.<\/strong><\/p>\n<p class=\"paragraph_style_2\"><strong>Les prix indiqu\u00e9s ci-dessous ne comprennent pas l&rsquo;h\u00e9bergement<\/strong><span style=\"caret-color: #6f86d6;\"><strong>.<\/strong><br \/>Sont inclus dans les frais d&rsquo;inscription : <br \/><em>&#8211; l\u2019acc\u00e8s aux expos\u00e9s, <br \/>&#8211; les pauses gourmandes, le d\u00e9jeuner et le d\u00eener du 9 octobre, <br \/>&#8211; les visites du 10 octobre matin, <br \/>&#8211; ainsi que le buffet du 10 midi.<\/em><\/span><\/p>\n<p class=\"paragraph_style_2\"><span class=\"style\">\u2022 210 \u20ac HC \/ <strong>252 \u20ac TTC<\/strong> tarif normal\u00a0<br \/>\u2022 90 \u20ac HT \/ <strong>108 \u20ac TTC<\/strong> tarif \u00e9tudiant<\/span><\/p>\n<p>Votre r\u00e8glement (ch\u00e8que, virement, bon de commande ou carte bancaire) doit \u00eatre <strong>\u00e9tabli en TTC<\/strong> \u00e0 l\u2019ordre de l\u2019AFF et envoy\u00e9 imp\u00e9rativement avant le 1er octobre \u00e0 :<\/p>\n<p>\u00a0 \u00a0 \u00a0 \u00a0 \u00a0 Philippe CAMUS<br \/>\u00a0 \u00a0 \u00a0 \u00a0 \u00a0 CNRS \/ Institut N\u00c9EL (B\u00e2t. E)<br \/>\u00a0 \u00a0 \u00a0 \u00a0 \u00a0 25 rue des Martyrs \u2013 BP 166<br \/>\u00a0 \u00a0 \u00a0 \u00a0 \u00a0 38042 Grenoble cedex 9.<\/p>\n<p>En cas de paiement par carte bancaire, vous recevrez un lien pour le paiement en ligne.<\/p>\n<p>Sans r\u00e9ception de votre bon de commande ou de votre r\u00e8glement avant le 1er octobre, votre inscription ne sera pas valid\u00e9e.<br \/>Une facture vous sera ensuite adress\u00e9e.<\/p>\n<p>Pour plus de renseignements sur nos coordonn\u00e9es bancaires <a href=\"affccs@neel.cnrs.fr\">contactez-nous<\/a>.<\/p>\n\n\n<figure class=\"wp-block-gallery has-nested-images columns-default is-cropped wp-block-gallery-1 is-layout-flex wp-block-gallery-is-layout-flex\"><\/figure>\n\n\n\n<p class=\"has-text-align-right\"><\/p>\n","protected":false},"excerpt":{"rendered":"<p>Le formulaire d&rsquo;inscription est disponible ici.\u00a0 La date limite d&rsquo;inscription est fix\u00e9e au 11 septembre, dans la limite des places disponibles. Les prix indiqu\u00e9s ci-dessous ne comprennent pas l&rsquo;h\u00e9bergement.Sont inclus dans les frais d&rsquo;inscription : &#8211; l\u2019acc\u00e8s aux expos\u00e9s, &#8211; &hellip; <a href=\"https:\/\/www.affccs.org\/jt2025\/index.php\/registration\/\">Continuer la lecture <span class=\"meta-nav\">&rarr;<\/span><\/a><\/p>\n","protected":false},"author":1,"featured_media":0,"parent":0,"menu_order":0,"comment_status":"closed","ping_status":"closed","template":"","meta":{"footnotes":""},"class_list":["post-12","page","type-page","status-publish","hentry"],"_links":{"self":[{"href":"https:\/\/www.affccs.org\/jt2025\/index.php\/wp-json\/wp\/v2\/pages\/12","targetHints":{"allow":["GET"]}}],"collection":[{"href":"https:\/\/www.affccs.org\/jt2025\/index.php\/wp-json\/wp\/v2\/pages"}],"about":[{"href":"https:\/\/www.affccs.org\/jt2025\/index.php\/wp-json\/wp\/v2\/types\/page"}],"author":[{"embeddable":true,"href":"https:\/\/www.affccs.org\/jt2025\/index.php\/wp-json\/wp\/v2\/users\/1"}],"replies":[{"embeddable":true,"href":"https:\/\/www.affccs.org\/jt2025\/index.php\/wp-json\/wp\/v2\/comments?post=12"}],"version-history":[{"count":47,"href":"https:\/\/www.affccs.org\/jt2025\/index.php\/wp-json\/wp\/v2\/pages\/12\/revisions"}],"predecessor-version":[{"id":802,"href":"https:\/\/www.affccs.org\/jt2025\/index.php\/wp-json\/wp\/v2\/pages\/12\/revisions\/802"}],"wp:attachment":[{"href":"https:\/\/www.affccs.org\/jt2025\/index.php\/wp-json\/wp\/v2\/media?parent=12"}],"curies":[{"name":"wp","href":"https:\/\/api.w.org\/{rel}","templated":true}]}}