{"id":60,"date":"2018-01-17T22:22:59","date_gmt":"2018-01-17T22:22:59","guid":{"rendered":"http:\/\/www.affccs.org\/jt2023\/?page_id=60"},"modified":"2025-07-09T22:27:05","modified_gmt":"2025-07-09T22:27:05","slug":"venue","status":"publish","type":"page","link":"https:\/\/www.affccs.org\/jt2023\/index.php\/venue\/","title":{"rendered":"Acc\u00e8s"},"content":{"rendered":"\n<p>Les\u00a0<strong><em>expos\u00e9s du jeudi 31 ao\u00fbt\u00a0<\/em><\/strong>se tiendront dans l&rsquo;Immeuble JADE de la SNCF de 10 h\u00a0<br>\u00e0 17 h 30 :<\/p>\n\n\n\n<p>1-3, avenue Fran\u00e7ois Mitterrand<br>Immeuble JADE<br>93212 La Plaine St-Denis<\/p>\n\n\n\n<p><a href=\"https:\/\/goo.gl\/maps\/uhyWshceWEN6KYgv5\" target=\"_blank\" rel=\"noreferrer noopener\">Plan d&rsquo;acc\u00e8s \u00e0 la SNCF de la Plaine St Denis<\/a><\/p>\n\n\n\n<p><strong>Acc\u00e8s en transport en commun<\/strong><br>\u2022&nbsp;RER B, arr\u00eat \u00ab Stade de France Saint-Denis \u00bb \u00e0 380 m (4 minutes \u00e0 pied)<br>\u2022&nbsp;RER D, arr\u00eat \u00ab La Plaine Stade de France \u00bb<br>\u2022 Bus 139, 153 et 173 : arr\u00eat \u00ab Wilson &#8211; de Pressense \u00bb \u00e0 150 m (1 minute \u00e0 pied)<\/p>\n\n\n\n<figure class=\"wp-block-image\"><img loading=\"lazy\" decoding=\"async\" width=\"700\" height=\"217\" src=\"http:\/\/www.affccs.org\/jt2025\/wp-content\/uploads\/2023\/06\/bandeauVitry-copie.png\" alt=\"\" class=\"wp-image-728\" srcset=\"https:\/\/www.affccs.org\/jt2023\/wp-content\/uploads\/2023\/06\/bandeauVitry-copie.png 700w, https:\/\/www.affccs.org\/jt2023\/wp-content\/uploads\/2023\/06\/bandeauVitry-copie-300x93.png 300w\" sizes=\"auto, (max-width: 700px) 100vw, 700px\" \/><\/figure>\n\n\n\n<p>Les&nbsp;<strong><em>visites du vendredi 1er septembre<\/em><\/strong>&nbsp;auront lieu \u00e0 l&rsquo;agence d&rsquo;essai ferroviaire de la SNCF de 9 h \u00e0 12 h 30 :<\/p>\n\n\n\n<p>21, avenue du pr\u00e9sident Salvador Allende<br>94400 Vitry-Sur-Seine<\/p>\n\n\n\n<p><a rel=\"noreferrer noopener\" href=\"http:\/\/www.affccs.org\/jt2025\/wp-content\/uploads\/2023\/06\/Plan-dacces-AEF.pdf\" target=\"_blank\">Plan d&rsquo;acc\u00e8s \u00e0 l&rsquo;agence d&rsquo;essai ferroviaire<\/a><\/p>\n\n\n\n<p><strong>Acc\u00e8s en transport en commun<\/strong><br>\u2022&nbsp;RER C, station Vitry Sur Seine puis 15 min \u00e0 pieds ou prendre le&nbsp;bus 217&nbsp;en direction de H\u00f4tel de ville de Cr\u00e9teil, arr\u00eat \u00ab Salvador Allende-Edith Cavell \u00bb<br>\u2022&nbsp;RER D, station Maisons Alfort- Alfortville puis prendre le&nbsp;bus 172&nbsp;en direction de Bourg La Reine RER arr\u00eat \u00ab Charles Heller \u00bb<\/p>\n\n\n\n<p><strong>Acc\u00e8s \u00e0 pied<\/strong><br>En sortant de la gare RER de Vitry Sur Seine :<br>\u2022 Prendre l\u2019avenue Paul Vaillant Couturier<br>\u2022 \u00c0 l\u2019Angle de la Pharmacie de l\u2019 Avenir et de la Soci\u00e9t\u00e9 G\u00e9n\u00e9ral, prendre \u00e0 gauche sur l\u2019avenue&nbsp;Gambetta<br>\u2022 Prendre ensuite la rue du colonel Moll<br>\u2022 \u00c0 l\u2019intersection de la D148, traverser le passage&nbsp;pi\u00e9ton puis remonter la rue du pr\u00e9sident Salvador Allende (apr\u00e8s le pont au dessus des&nbsp;voies, l\u2019AEF se trouve sur votre droite)<\/p>\n\n\n","protected":false},"excerpt":{"rendered":"<p>Les\u00a0expos\u00e9s du jeudi 31 ao\u00fbt\u00a0se tiendront dans l&rsquo;Immeuble JADE de la SNCF de 10 h\u00a0\u00e0 17 h 30 : 1-3, avenue Fran\u00e7ois MitterrandImmeuble JADE93212 La Plaine St-Denis Plan d&rsquo;acc\u00e8s \u00e0 la SNCF de la Plaine St Denis Acc\u00e8s en transport &hellip; <a href=\"https:\/\/www.affccs.org\/jt2023\/index.php\/venue\/\">Continuer la lecture <span class=\"meta-nav\">&rarr;<\/span><\/a><\/p>\n","protected":false},"author":1,"featured_media":0,"parent":0,"menu_order":0,"comment_status":"closed","ping_status":"closed","template":"","meta":{"footnotes":""},"class_list":["post-60","page","type-page","status-publish","hentry"],"_links":{"self":[{"href":"https:\/\/www.affccs.org\/jt2023\/index.php\/wp-json\/wp\/v2\/pages\/60","targetHints":{"allow":["GET"]}}],"collection":[{"href":"https:\/\/www.affccs.org\/jt2023\/index.php\/wp-json\/wp\/v2\/pages"}],"about":[{"href":"https:\/\/www.affccs.org\/jt2023\/index.php\/wp-json\/wp\/v2\/types\/page"}],"author":[{"embeddable":true,"href":"https:\/\/www.affccs.org\/jt2023\/index.php\/wp-json\/wp\/v2\/users\/1"}],"replies":[{"embeddable":true,"href":"https:\/\/www.affccs.org\/jt2023\/index.php\/wp-json\/wp\/v2\/comments?post=60"}],"version-history":[{"count":39,"href":"https:\/\/www.affccs.org\/jt2023\/index.php\/wp-json\/wp\/v2\/pages\/60\/revisions"}],"predecessor-version":[{"id":781,"href":"https:\/\/www.affccs.org\/jt2023\/index.php\/wp-json\/wp\/v2\/pages\/60\/revisions\/781"}],"wp:attachment":[{"href":"https:\/\/www.affccs.org\/jt2023\/index.php\/wp-json\/wp\/v2\/media?parent=60"}],"curies":[{"name":"wp","href":"https:\/\/api.w.org\/{rel}","templated":true}]}}