{"id":32,"date":"2018-01-17T21:45:38","date_gmt":"2018-01-17T21:45:38","guid":{"rendered":"http:\/\/www.affccs.org\/jt2023\/?page_id=32"},"modified":"2025-07-09T22:25:02","modified_gmt":"2025-07-09T22:25:02","slug":"sit-18","status":"publish","type":"page","link":"https:\/\/www.affccs.org\/jt2023\/","title":{"rendered":"Bienvenue"},"content":{"rendered":"<h3><\/h3>\n<p>La supraconductivit\u00e9 a r\u00e9volutionn\u00e9 l\u2019imagerie m\u00e9dicale avec les aimants supraconducteurs pour l\u2019Imagerie. Elle commence \u00e0 appara\u00eetre dans les r\u00e9seaux \u00e9lectriques avec, par exemple, le c\u00e2ble et limiteur de courant de d\u00e9faut (40 MVA, 10 kV) supraconducteurs install\u00e9s depuis 2014 \u00e0 Essen (Allemagne) ou le limiteur supraconducteur 220 kV install\u00e9 \u00e0 Moscou (Russie).<\/p>\n<p>L\u2019installation prochaine par Nexans d\u2019un c\u00e2ble supraconducteur pour la SNCF \u00e0 c\u00f4t\u00e9 de la gare Montparnasse est l\u2019occasion d\u2019organiser ces journ\u00e9es qui comprendront une journ\u00e9e (31 ao\u00fbt) d\u2019expos\u00e9s (conducteurs supraconducteurs et cryog\u00e9nie pour les dispositifs de puissance, c\u00e2bles, limiteurs, \u00e9oliennes\u2026) \u00e0 Saint-Denis, et le 1 septembre matin la visite du centre d\u2019essai du c\u00e2ble supraconducteur, mais aussi d\u2019installations d\u2019essai de la SNCF \u00e0 Vitry.<\/p>\n<div><a href=\"http:\/\/www.affccs.org\/\"><img loading=\"lazy\" decoding=\"async\" class=\"wp-image-319 alignleft\" src=\"http:\/\/www.affccs.org\/jt2025\/wp-content\/uploads\/2020\/02\/affccs-300x109.jpg\" alt=\"\" width=\"234\" height=\"85\" \/><\/a><\/div>\n<p><a href=\"http:\/\/www.affccs.org\/\"><img loading=\"lazy\" decoding=\"async\" class=\"alignnone  wp-image-693\" src=\"http:\/\/www.affccs.org\/jt2025\/wp-content\/uploads\/2023\/05\/20180609063056Logo_SNCF_2011.svg_.png\" alt=\"\" width=\"146\" height=\"73\" \/><\/a>\u00a0 \u00a0 \u00a0 \u00a0 \u00a0 <a href=\"http:\/\/www.affccs.org\/\"><img loading=\"lazy\" decoding=\"async\" class=\"alignnone  wp-image-692\" src=\"http:\/\/www.affccs.org\/jt2025\/wp-content\/uploads\/2023\/05\/6193aaf7e4ad827546f7d4df_Nexans-Logo-300x126.png\" alt=\"\" width=\"188\" height=\"79\" srcset=\"https:\/\/www.affccs.org\/jt2023\/wp-content\/uploads\/2023\/05\/6193aaf7e4ad827546f7d4df_Nexans-Logo-300x126.png 300w, https:\/\/www.affccs.org\/jt2023\/wp-content\/uploads\/2023\/05\/6193aaf7e4ad827546f7d4df_Nexans-Logo-1024x430.png 1024w, https:\/\/www.affccs.org\/jt2023\/wp-content\/uploads\/2023\/05\/6193aaf7e4ad827546f7d4df_Nexans-Logo-768x323.png 768w, https:\/\/www.affccs.org\/jt2023\/wp-content\/uploads\/2023\/05\/6193aaf7e4ad827546f7d4df_Nexans-Logo.png 1280w\" sizes=\"auto, (max-width: 188px) 100vw, 188px\" \/><\/a><\/p>\n<p>&nbsp;<\/p>\n","protected":false},"excerpt":{"rendered":"<p>La supraconductivit\u00e9 a r\u00e9volutionn\u00e9 l\u2019imagerie m\u00e9dicale avec les aimants supraconducteurs pour l\u2019Imagerie. Elle commence \u00e0 appara\u00eetre dans les r\u00e9seaux \u00e9lectriques avec, par exemple, le c\u00e2ble et limiteur de courant de d\u00e9faut (40 MVA, 10 kV) supraconducteurs install\u00e9s depuis 2014 \u00e0 &hellip; <a href=\"https:\/\/www.affccs.org\/jt2023\/\">Continuer la lecture <span class=\"meta-nav\">&rarr;<\/span><\/a><\/p>\n","protected":false},"author":1,"featured_media":0,"parent":0,"menu_order":0,"comment_status":"closed","ping_status":"closed","template":"","meta":{"footnotes":""},"class_list":["post-32","page","type-page","status-publish","hentry"],"_links":{"self":[{"href":"https:\/\/www.affccs.org\/jt2023\/index.php\/wp-json\/wp\/v2\/pages\/32","targetHints":{"allow":["GET"]}}],"collection":[{"href":"https:\/\/www.affccs.org\/jt2023\/index.php\/wp-json\/wp\/v2\/pages"}],"about":[{"href":"https:\/\/www.affccs.org\/jt2023\/index.php\/wp-json\/wp\/v2\/types\/page"}],"author":[{"embeddable":true,"href":"https:\/\/www.affccs.org\/jt2023\/index.php\/wp-json\/wp\/v2\/users\/1"}],"replies":[{"embeddable":true,"href":"https:\/\/www.affccs.org\/jt2023\/index.php\/wp-json\/wp\/v2\/comments?post=32"}],"version-history":[{"count":76,"href":"https:\/\/www.affccs.org\/jt2023\/index.php\/wp-json\/wp\/v2\/pages\/32\/revisions"}],"predecessor-version":[{"id":779,"href":"https:\/\/www.affccs.org\/jt2023\/index.php\/wp-json\/wp\/v2\/pages\/32\/revisions\/779"}],"wp:attachment":[{"href":"https:\/\/www.affccs.org\/jt2023\/index.php\/wp-json\/wp\/v2\/media?parent=32"}],"curies":[{"name":"wp","href":"https:\/\/api.w.org\/{rel}","templated":true}]}}