{"id":12,"date":"2018-01-17T23:37:18","date_gmt":"2018-01-17T23:37:18","guid":{"rendered":"http:\/\/www.affccs.org\/jt2023\/?page_id=12"},"modified":"2025-07-09T22:31:26","modified_gmt":"2025-07-09T22:31:26","slug":"registration","status":"publish","type":"page","link":"https:\/\/www.affccs.org\/jt2023\/index.php\/registration\/","title":{"rendered":"Inscription"},"content":{"rendered":"<p><b><strong>Les prix indiqu\u00e9s ci-dessous ne comprennent ni l\u2019h\u00e9bergement<\/strong><strong>, <\/strong>ni le d\u00eener du 31 ao\u00fbt.<\/b><br \/>Sont inclus dans les frais d&rsquo;inscription : <i>l\u2019acc\u00e8s aux expos\u00e9s, les pauses, le d\u00e9jeuner du 31 ao\u00fbt 2023, ainsi que les visites du 1er septembre matin.<\/i><i><\/i><\/p>\n<p>\u2022 72 \u20ac TTC \/ 60 \u20ac HT pour les adh\u00e9rents AFF (personnelle ou institutionnelle)<br \/>\u2022 96 \u20ac TTC \/ 80 \u20ac HT tarif normal<\/p>\n<p class=\"paragraph_style_2\"><span style=\"caret-color: #6f86d6;\">\u00a0<\/span><\/p>\n\n\n<figure class=\"wp-block-image size-large\"><img loading=\"lazy\" decoding=\"async\" width=\"1024\" height=\"948\" src=\"http:\/\/www.affccs.org\/jt2023\/wp-content\/uploads\/2023\/06\/Site-1024x948.jpg\" alt=\"\" class=\"wp-image-718\" srcset=\"https:\/\/www.affccs.org\/jt2023\/wp-content\/uploads\/2023\/06\/Site-1024x948.jpg 1024w, https:\/\/www.affccs.org\/jt2023\/wp-content\/uploads\/2023\/06\/Site-300x278.jpg 300w, https:\/\/www.affccs.org\/jt2023\/wp-content\/uploads\/2023\/06\/Site-768x711.jpg 768w, https:\/\/www.affccs.org\/jt2023\/wp-content\/uploads\/2023\/06\/Site-1536x1423.jpg 1536w, https:\/\/www.affccs.org\/jt2023\/wp-content\/uploads\/2023\/06\/Site-2048x1897.jpg 2048w\" sizes=\"auto, (max-width: 1024px) 100vw, 1024px\" \/><\/figure>\n\n\n\n<p class=\"has-text-align-right\"><em>Agence d&rsquo;essai ferroviaire SNCF<\/em> <\/p>\n","protected":false},"excerpt":{"rendered":"<p>Les prix indiqu\u00e9s ci-dessous ne comprennent ni l\u2019h\u00e9bergement, ni le d\u00eener du 31 ao\u00fbt.Sont inclus dans les frais d&rsquo;inscription : l\u2019acc\u00e8s aux expos\u00e9s, les pauses, le d\u00e9jeuner du 31 ao\u00fbt 2023, ainsi que les visites du 1er septembre matin. \u2022 &hellip; <a href=\"https:\/\/www.affccs.org\/jt2023\/index.php\/registration\/\">Continuer la lecture <span class=\"meta-nav\">&rarr;<\/span><\/a><\/p>\n","protected":false},"author":1,"featured_media":0,"parent":0,"menu_order":0,"comment_status":"closed","ping_status":"closed","template":"","meta":{"footnotes":""},"class_list":["post-12","page","type-page","status-publish","hentry"],"_links":{"self":[{"href":"https:\/\/www.affccs.org\/jt2023\/index.php\/wp-json\/wp\/v2\/pages\/12","targetHints":{"allow":["GET"]}}],"collection":[{"href":"https:\/\/www.affccs.org\/jt2023\/index.php\/wp-json\/wp\/v2\/pages"}],"about":[{"href":"https:\/\/www.affccs.org\/jt2023\/index.php\/wp-json\/wp\/v2\/types\/page"}],"author":[{"embeddable":true,"href":"https:\/\/www.affccs.org\/jt2023\/index.php\/wp-json\/wp\/v2\/users\/1"}],"replies":[{"embeddable":true,"href":"https:\/\/www.affccs.org\/jt2023\/index.php\/wp-json\/wp\/v2\/comments?post=12"}],"version-history":[{"count":43,"href":"https:\/\/www.affccs.org\/jt2023\/index.php\/wp-json\/wp\/v2\/pages\/12\/revisions"}],"predecessor-version":[{"id":784,"href":"https:\/\/www.affccs.org\/jt2023\/index.php\/wp-json\/wp\/v2\/pages\/12\/revisions\/784"}],"wp:attachment":[{"href":"https:\/\/www.affccs.org\/jt2023\/index.php\/wp-json\/wp\/v2\/media?parent=12"}],"curies":[{"name":"wp","href":"https:\/\/api.w.org\/{rel}","templated":true}]}}