{"id":60,"date":"2018-01-17T22:22:59","date_gmt":"2018-01-17T22:22:59","guid":{"rendered":"http:\/\/www.affccs.org\/?page_id=60"},"modified":"2024-04-19T10:43:18","modified_gmt":"2024-04-19T10:43:18","slug":"venue","status":"publish","type":"page","link":"https:\/\/www.affccs.org\/index.php\/venue\/","title":{"rendered":"CD \/ Fascicule"},"content":{"rendered":"\n<p class=\"has-white-color has-text-color\">Fascicule<\/p>\n\n\n\n<p>L\u2019AFFCCS a \u00e9dit\u00e9 le nouveau Fascicule de Cryog\u00e9nie et de Supraconductivit\u00e9 (\u00e9dition 2019).<br>&nbsp;<\/p>\n\n\n\n<p>L\u2019exemplaire imprim\u00e9 est au prix unitaire de&nbsp;<strong>20 \u20ac HT \/ 21,10 \u20ac TTC<\/strong>&nbsp;(ce tarif couvre les frais d\u2019impression, de traitement et d\u2019exp\u00e9dition).&nbsp;<strong>La commande minimum est de 5 exemplaires, soit 100 \u20ac HT.<\/strong>&nbsp;Merci de nous adresser un mail (<a href=\"mailto:affccs@neel.cnrs.fr\">affccs@neel.cnrs.fr<\/a>), en nous indiquant le nombre d\u2019exemplaires et le mode de paiement souhait\u00e9s.<\/p>\n\n\n\n<p>Par ailleurs, avec votre commande, le fascicule peut vous \u00eatre envoy\u00e9 en version pdf (les droits d\u2019auteur restent bien entendu \u00e0 respecter pour l\u2019usage du texte et des figures).\u00a0<\/p>\n\n\n\n<figure class=\"wp-block-image size-full is-style-default\"><img loading=\"lazy\" decoding=\"async\" width=\"886\" height=\"622\" src=\"http:\/\/www.affccs.org\/wp-content\/uploads\/2023\/05\/Fascicule_AFF_CCS.jpg\" alt=\"\" class=\"wp-image-632\" srcset=\"https:\/\/www.affccs.org\/wp-content\/uploads\/2023\/05\/Fascicule_AFF_CCS.jpg 886w, https:\/\/www.affccs.org\/wp-content\/uploads\/2023\/05\/Fascicule_AFF_CCS-300x211.jpg 300w, https:\/\/www.affccs.org\/wp-content\/uploads\/2023\/05\/Fascicule_AFF_CCS-768x539.jpg 768w\" sizes=\"auto, (max-width: 886px) 100vw, 886px\" \/><\/figure>\n\n\n\n<p class=\"has-white-color has-text-color\">CD des pr\u00e9sentations<\/p>\n\n\n\n<p class=\"standard has-text-color\" style=\"color:#339ac6\">Pour commander les CD des pr\u00e9sentations effectu\u00e9es lors de nos pr\u00e9c\u00e9dentes manifestations, merci de contacter le secr\u00e9tariat de l\u2019AFFCCS&nbsp;:&nbsp;<a href=\"mailto:affccs@neel.cnrs.fr?subject=Commande%20CD%20AFFCCS\">affccs@neel.cnrs.fr<\/a>.<\/p>\n\n\n\n<p>\u2022 Cryog\u00e9nie, ses applications en supraconductivit\u00e9, Paris 1995<br>\u2022&nbsp;Cent ans d\u2019hydrog\u00e8ne liquide, Waziers, mars 1998<br>\u2022&nbsp;7<sup>es<\/sup>&nbsp;Journ\u00e9es d\u2019Aussois, mai 2003<br>\u2022&nbsp;Journ\u00e9es th\u00e9matiques \u00ab\u00a0Cryog\u00e9nie spatiale\u00a0\u00bb, Cannes, avril 2005<br>\u2022&nbsp;\u00c9cole de Cryog\u00e9nie \u00ab\u00a0Conducteurs supraconducteurs \u00ab\u00a0, Archamps, octobre 2005<br>\u2022&nbsp;8<sup>es<\/sup>&nbsp;Journ\u00e9es d\u2019Aussois, mai 2006<br>\u2022 Journ\u00e9es th\u00e9matiques \u00ab\u00a0\u00c9lectronique supraconductrice\u00a0\u00bb, Palaiseau, mars 2007<br>\u2022 \u00c9cole d\u2019Instrumentation Cryog\u00e9nique, Paris, octobre 2007<br>\u2022 Journ\u00e9es th\u00e9matiques \u00ab\u00a0Cryog\u00e9nie et Supraconductivit\u00e9 pour le LHC et ses d\u00e9tecteurs\u00a0\u00bb,<br>&nbsp;&nbsp;CERN Gen\u00e8ve, avril 2008<br>\u2022 9<sup>es<\/sup>&nbsp;Journ\u00e9es d\u2019Aussois, mars 2009<br>\u2022 European Summer School on Superconductivity, Lans-en-Vercors, juin 2009<br>\u2022 Journ\u00e9es th\u00e9matiques SDMS \u00ab\u00a0Cavit\u00e9s acc\u00e9l\u00e9ratrices supraconductrices et cryog\u00e9nie<br>&nbsp;&nbsp;associ\u00e9e\u00a0\u00bb, Beauvoir-en-Royans, Mai 2010<br>\u2022 \u00c9cole de Cryog\u00e9nie sur les cryor\u00e9frig\u00e9rateurs, Autrans, Octobre 2010<br>\u2022 Journ\u00e9es th\u00e9matiques \u00ab\u00a0IRM et RMN\u00a0\u00bb, CEA Saclay, juin 2011<br>\u2022 10<sup>es<\/sup>&nbsp;Journ\u00e9es d\u2019Aussois, juin 2012\u2022 European Summer School on Superconductivity, Lans-en-Vercors, juin 2012<br>\u2022 Journ\u00e9es th\u00e9matiques \u00ab\u00a0LHC, premiers r\u00e9sultats et perspectives\u00a0\u00bb, CERN Gen\u00e8ve,<br>&nbsp;&nbsp;juin 2013<br>\u2022 \u00c9cole de Cryog\u00e9nie sur le dimensionnement des cryostats, Autrans, Mars 2014<br>\u2022 11<sup>es<\/sup>&nbsp;Journ\u00e9es d\u2019Aussois, mai 2015<br>\u2022 Journ\u00e9es th\u00e9matiques \u00ab\u00a0Acc\u00e9l\u00e9rateurs\u00a0\u00bb, Saclay, avril 2016<br>\u2022 Journ\u00e9es th\u00e9matiques \u00ab\u00a0Fusion\u00a0\u00bb, Cadarache, juin 2017<br>\u2022 European Summer School on Superconductivity, Lans-en-Vercors, juin 2017<br>\u2022&nbsp;\u00c9cole d\u2019instrumentation cryog\u00e9nique, Paris, novembre 2017<br>\u2022 12<sup>es<\/sup>&nbsp;Journ\u00e9es d\u2019Aussois, juin 2018<br>\u2022 13<sup>es<\/sup>&nbsp;Journ\u00e9es d\u2019Aussois, octobre 2021<\/p>\n\n\n","protected":false},"excerpt":{"rendered":"<p>Fascicule L\u2019AFFCCS a \u00e9dit\u00e9 le nouveau Fascicule de Cryog\u00e9nie et de Supraconductivit\u00e9 (\u00e9dition 2019).&nbsp; L\u2019exemplaire imprim\u00e9 est au prix unitaire de&nbsp;20 \u20ac HT \/ 21,10 \u20ac TTC&nbsp;(ce tarif couvre les frais d\u2019impression, de traitement et d\u2019exp\u00e9dition).&nbsp;La commande minimum est de &hellip; <a href=\"https:\/\/www.affccs.org\/index.php\/venue\/\">Continuer la lecture <span class=\"meta-nav\">&rarr;<\/span><\/a><\/p>\n","protected":false},"author":1,"featured_media":0,"parent":0,"menu_order":0,"comment_status":"closed","ping_status":"closed","template":"","meta":{"footnotes":""},"class_list":["post-60","page","type-page","status-publish","hentry"],"_links":{"self":[{"href":"https:\/\/www.affccs.org\/index.php\/wp-json\/wp\/v2\/pages\/60","targetHints":{"allow":["GET"]}}],"collection":[{"href":"https:\/\/www.affccs.org\/index.php\/wp-json\/wp\/v2\/pages"}],"about":[{"href":"https:\/\/www.affccs.org\/index.php\/wp-json\/wp\/v2\/types\/page"}],"author":[{"embeddable":true,"href":"https:\/\/www.affccs.org\/index.php\/wp-json\/wp\/v2\/users\/1"}],"replies":[{"embeddable":true,"href":"https:\/\/www.affccs.org\/index.php\/wp-json\/wp\/v2\/comments?post=60"}],"version-history":[{"count":17,"href":"https:\/\/www.affccs.org\/index.php\/wp-json\/wp\/v2\/pages\/60\/revisions"}],"predecessor-version":[{"id":700,"href":"https:\/\/www.affccs.org\/index.php\/wp-json\/wp\/v2\/pages\/60\/revisions\/700"}],"wp:attachment":[{"href":"https:\/\/www.affccs.org\/index.php\/wp-json\/wp\/v2\/media?parent=60"}],"curies":[{"name":"wp","href":"https:\/\/api.w.org\/{rel}","templated":true}]}}