{"id":592,"date":"2023-02-09T13:53:27","date_gmt":"2023-02-09T13:53:27","guid":{"rendered":"http:\/\/www.affccs.org\/?page_id=592"},"modified":"2023-06-30T13:58:26","modified_gmt":"2023-06-30T13:58:26","slug":"emploi","status":"publish","type":"page","link":"https:\/\/www.affccs.org\/index.php\/emploi\/","title":{"rendered":"Emploi"},"content":{"rendered":"\n<p>Si vous souhaitez publier sur notre site une offre d\u2019emploi, merci de compl\u00e9ter <a href=\"https:\/\/survey.neel.cnrs.fr\/index.php?r=survey\/index&amp;sid=351166&amp;lang=fr\" target=\"_blank\" rel=\"noreferrer noopener\">le formulaire en ligne disponible ici.<\/a><\/p>\n\n\n\n<p class=\"has-white-color has-text-color\">Offres d&#8217;emploi<\/p>\n\n\n\n<p class=\"has-text-color\" style=\"color:#339ac6\"><strong>Offres actuellement propos\u00e9es&nbsp;<\/strong><\/p>\n\n\n\n<p>\u2022\u00a0<a rel=\"noreferrer noopener\" href=\"http:\/\/www.affccs.org\/index.php\/2023\/05\/11\/ingenieur-dexploitation-dinstrument-scientifique-h-f\/\" target=\"_blank\">Ing\u00e9nieur d\u2019exploitation d\u2019instrument scientifique (H\/F)<\/a>, LNCMI (recrutement au 1\/09\/23)<\/p>\n\n\n\n<p>\u2022&nbsp;<a href=\"http:\/\/www.affccs.org\/index.php\/2023\/05\/11\/ingenieure-systeme-cryogenie-f-h\/\" target=\"_blank\" rel=\"noreferrer noopener\">Ing\u00e9nieur(e) Syst\u00e8me Cryog\u00e9nie<\/a>, Air Liquide&nbsp;<\/p>\n\n\n\n<p><\/p>\n\n\n\n<p><\/p>\n","protected":false},"excerpt":{"rendered":"<p>Si vous souhaitez publier sur notre site une offre d\u2019emploi, merci de compl\u00e9ter le formulaire en ligne disponible ici. Offres d&#8217;emploi Offres actuellement propos\u00e9es&nbsp; \u2022\u00a0Ing\u00e9nieur d\u2019exploitation d\u2019instrument scientifique (H\/F), LNCMI (recrutement au 1\/09\/23) \u2022&nbsp;Ing\u00e9nieur(e) Syst\u00e8me Cryog\u00e9nie, Air Liquide&nbsp;<\/p>\n","protected":false},"author":1,"featured_media":0,"parent":0,"menu_order":0,"comment_status":"closed","ping_status":"closed","template":"","meta":{"footnotes":""},"class_list":["post-592","page","type-page","status-publish","hentry"],"_links":{"self":[{"href":"https:\/\/www.affccs.org\/index.php\/wp-json\/wp\/v2\/pages\/592","targetHints":{"allow":["GET"]}}],"collection":[{"href":"https:\/\/www.affccs.org\/index.php\/wp-json\/wp\/v2\/pages"}],"about":[{"href":"https:\/\/www.affccs.org\/index.php\/wp-json\/wp\/v2\/types\/page"}],"author":[{"embeddable":true,"href":"https:\/\/www.affccs.org\/index.php\/wp-json\/wp\/v2\/users\/1"}],"replies":[{"embeddable":true,"href":"https:\/\/www.affccs.org\/index.php\/wp-json\/wp\/v2\/comments?post=592"}],"version-history":[{"count":7,"href":"https:\/\/www.affccs.org\/index.php\/wp-json\/wp\/v2\/pages\/592\/revisions"}],"predecessor-version":[{"id":671,"href":"https:\/\/www.affccs.org\/index.php\/wp-json\/wp\/v2\/pages\/592\/revisions\/671"}],"wp:attachment":[{"href":"https:\/\/www.affccs.org\/index.php\/wp-json\/wp\/v2\/media?parent=592"}],"curies":[{"name":"wp","href":"https:\/\/api.w.org\/{rel}","templated":true}]}}