{"id":576,"date":"2022-04-05T14:41:40","date_gmt":"2022-04-05T14:41:40","guid":{"rendered":"http:\/\/www.affccs.org\/?page_id=576"},"modified":"2024-11-12T10:20:15","modified_gmt":"2024-11-12T10:20:15","slug":"programme","status":"publish","type":"page","link":"https:\/\/www.affccs.org\/index.php\/programme\/","title":{"rendered":"Le bureau"},"content":{"rendered":"\n<p>La commission sp\u00e9cialis\u00e9e \u00ab\u00a0Cryog\u00e9nie et Supraconductivit\u00e9\u00a0\u00bb de l\u2019Association Fran\u00e7aise du Froid (AFF) est anim\u00e9e par&nbsp;&nbsp;:<\/p>\n\n\n\n<p>&#8211;\u00a0Pr\u00e9sident : <strong>Arnaud ALLAIS<a href=\"mailto:arnaud.allais@nexans.com\">\u00a0<\/a><\/strong>(Nexans)<br>&#8211; Secr\u00e9taire :\u00a0<strong><strong>S\u00e9bastien Triqueneaux<\/strong><\/strong>\u00a0(CNRS \/ Institut N\u00e9el)<br>&#8211; Secr\u00e9tariat : <strong><strong>\u00c9lodie Ferrara<\/strong><\/strong>\u00a0(Univ. Grenoble Alpes \/ CNRS \/ Institut N\u00e9el)  <br>&#8211; Tr\u00e9sorier : <strong>Philippe Camus\u00a0<\/strong>(CNRS \/ Institut N\u00e9el)<br>&#8211; Tr\u00e9sori\u00e8re adjointe : <strong>Isabelle Ghez\u00a0<\/strong>(CNRS \/ Institut N\u00e9el)<\/p>\n\n\n\n<p><br>Les activit\u00e9s de l\u2019AFFCCS sont g\u00e9r\u00e9es par les membres du bureau&nbsp;:<\/p>\n\n\n\n<p>\u2022\u00a0<strong>ALLAIN Herv\u00e9<\/strong>, CEA\/DACM<\/p>\n\n\n\n<p>\u2022&nbsp;<strong>ALLAIS Arnaud<\/strong>, NEXANS<\/p>\n\n\n\n<p>\u2022&nbsp;<strong>CAMUS Philippe<\/strong>, CNRS \/ Institut N\u00e9el<\/p>\n\n\n\n<p>\u2022<strong>&nbsp;CRISPEL Simon<\/strong>, AIR LIQUIDE ADVANCED TECHNOLOGIES<\/p>\n\n\n\n<p>\u2022&nbsp;<strong>DUTHIL Patxi<\/strong>, Institut de Physique Nucl\u00e9aire, IN2P3\/CNRS<\/p>\n\n\n\n<p>\u2022&nbsp;<strong>FEBVRE Pascal<\/strong>, IMEP-LAHC \/ CNRS<\/p>\n\n\n\n<p>\u2022&nbsp;<strong>LEVEQUE Jean<\/strong>, Universit\u00e9 de Lorraine &#8211; GREEN<\/p>\n\n\n\n<p><strong>\u2022 LOSCO J\u00e9r\u00f4me<\/strong>, Airbus<\/p>\n\n\n\n<p>\u2022&nbsp;<strong>NICOLLET Sylvie<\/strong>, CEA Cadarache, IRFM<\/p>\n\n\n\n<p>\u2022&nbsp;<strong>PONCET Jean-Marc<\/strong>, CEA \/ DSBT<\/p>\n\n\n\n<p>\u2022&nbsp;<strong>RAVEX Alain<\/strong>, CryoConsult<\/p>\n\n\n\n<p>\u2022&nbsp;<strong>SERIO Luigi<\/strong>, CERN<\/p>\n\n\n\n<p>\u2022\u00a0<strong>THERMEAU Jean-Pierre<\/strong>, APC, IN2P3\/CNRS<\/p>\n\n\n\n<p>\u2022\u00a0<strong>TIXADOR Pascal<\/strong>, Univ. Grenoble Alpes, CNRS, Grenoble-INP<br><br>\u2022\u00a0<strong>TRIQUENEAUX S\u00e9bastien<\/strong>, CNRS \/ Institut N\u00e9el<br><br>\u2022\u00a0<strong>TROLLIER Thierry<\/strong>, Absolut System<br><br>\u2022\u00a0<strong>VALENTIAN Dominique<\/strong><\/p>\n","protected":false},"excerpt":{"rendered":"<p>La commission sp\u00e9cialis\u00e9e \u00ab\u00a0Cryog\u00e9nie et Supraconductivit\u00e9\u00a0\u00bb de l\u2019Association Fran\u00e7aise du Froid (AFF) est anim\u00e9e par&nbsp;&nbsp;: &#8211;\u00a0Pr\u00e9sident : Arnaud ALLAIS\u00a0(Nexans)&#8211; Secr\u00e9taire :\u00a0S\u00e9bastien Triqueneaux\u00a0(CNRS \/ Institut N\u00e9el)&#8211; Secr\u00e9tariat : \u00c9lodie Ferrara\u00a0(Univ. Grenoble Alpes \/ CNRS \/ Institut N\u00e9el) &#8211; Tr\u00e9sorier : Philippe &hellip; <a href=\"https:\/\/www.affccs.org\/index.php\/programme\/\">Continuer la lecture <span class=\"meta-nav\">&rarr;<\/span><\/a><\/p>\n","protected":false},"author":1,"featured_media":0,"parent":0,"menu_order":0,"comment_status":"closed","ping_status":"closed","template":"","meta":{"footnotes":""},"class_list":["post-576","page","type-page","status-publish","hentry"],"_links":{"self":[{"href":"https:\/\/www.affccs.org\/index.php\/wp-json\/wp\/v2\/pages\/576","targetHints":{"allow":["GET"]}}],"collection":[{"href":"https:\/\/www.affccs.org\/index.php\/wp-json\/wp\/v2\/pages"}],"about":[{"href":"https:\/\/www.affccs.org\/index.php\/wp-json\/wp\/v2\/types\/page"}],"author":[{"embeddable":true,"href":"https:\/\/www.affccs.org\/index.php\/wp-json\/wp\/v2\/users\/1"}],"replies":[{"embeddable":true,"href":"https:\/\/www.affccs.org\/index.php\/wp-json\/wp\/v2\/comments?post=576"}],"version-history":[{"count":10,"href":"https:\/\/www.affccs.org\/index.php\/wp-json\/wp\/v2\/pages\/576\/revisions"}],"predecessor-version":[{"id":725,"href":"https:\/\/www.affccs.org\/index.php\/wp-json\/wp\/v2\/pages\/576\/revisions\/725"}],"wp:attachment":[{"href":"https:\/\/www.affccs.org\/index.php\/wp-json\/wp\/v2\/media?parent=576"}],"curies":[{"name":"wp","href":"https:\/\/api.w.org\/{rel}","templated":true}]}}