{"id":348,"date":"2020-02-21T09:26:20","date_gmt":"2020-02-21T09:26:20","guid":{"rendered":"http:\/\/www.affccs.org\/?page_id=348"},"modified":"2025-01-20T13:05:33","modified_gmt":"2025-01-20T13:05:33","slug":"contact","status":"publish","type":"page","link":"https:\/\/www.affccs.org\/index.php\/contact\/","title":{"rendered":"Contact"},"content":{"rendered":"\n<h4 class=\"wp-block-heading spip has-text-color\" style=\"color:#6f86d6\"><\/h4>\n\n\n\n<h2 class=\"wp-block-heading has-white-color has-text-color\">Pour tout renseignement&#8230;<\/h2>\n\n\n\n<p id=\"metas\"><a href=\"\"><\/a><\/p>\n\n\n\n<p><strong>Pr\u00e9sident<\/strong><\/p>\n\n\n\n<p>Arnaud ALLAIS<br>NEXANS, 4-10 rue Mozart, 92587 Clichy<br><a href=\"mailto:arnaud.allais@nexans.com\">arnaud.allais@nexans.com<\/a><\/p>\n\n\n\n<p><strong>Secr\u00e9taire<\/strong><\/p>\n\n\n\n<p>S\u00e9bastien TRIQUENEAUX<br>CNRS, Institut N\u00e9el, B\u00e2t. M, BP 166, 38042 Grenoble cedex 9\u00a0<br><a href=\"mailto:sebastien.triqueneaux@neel.cnrs.fr\">sebastien.triqueneaux@neel.cnrs.fr<\/a>, T\u00e9l.\u00a0: 04 76 88 12 02<\/p>\n\n\n\n<p><strong>Tr\u00e9sorier<\/strong><\/p>\n\n\n\n<p>Philippe CAMUS&nbsp;<br>CNRS, Institut N\u00e9el, B\u00e2t. E, BP 166, 38042 Grenoble cedex 9<br><a href=\"mailto:philippe.camus@neel.cnrs.fr\">philippe.camus@neel.cnrs.fr<\/a>, T\u00e9l.&nbsp;: 04 76 88 90 47<\/p>\n\n\n\n<p><strong>Secr\u00e9tariat<\/strong><\/p>\n\n\n\n<p>\u00c9lodie FERRARA<br>CNRS, Institut N\u00e9el, BP 166, 38042 Grenoble cedex 9<br><a href=\"mailto:elodie.ferrara@neel.cnrs.fr\">elodie.ferrara@neel.cnrs.fr<\/a>, T\u00e9l.&nbsp;: 04 76 88 10 16<\/p>\n\n\n\n<p><\/p>\n\n\n\n<p class=\"has-white-color has-text-color\">  AFF-CCS<\/p>\n\n\n\n<p class=\"has-text-align-center has-text-color\" style=\"color:#339ac6\"><strong>Association Fran\u00e7aise du Froid<br>Commission Cryog\u00e9nie et Supraconductivit\u00e9<\/strong><br>Institut N\u00c9EL \/ CNRS (B\u00e2t. E)<br>25, rue des Martyrs \u2013 BP 166<br>38042 Grenoble Cedex 9<\/p>\n\n\n\n<p class=\"has-text-align-center\"><a href=\"mailto:affccs@neel.cnrs.fr\">affccs@neel.cnrs.fr<\/a><\/p>\n","protected":false},"excerpt":{"rendered":"<p>Pour tout renseignement&#8230; Pr\u00e9sident Arnaud ALLAISNEXANS, 4-10 rue Mozart, 92587 Clichyarnaud.allais@nexans.com Secr\u00e9taire S\u00e9bastien TRIQUENEAUXCNRS, Institut N\u00e9el, B\u00e2t. M, BP 166, 38042 Grenoble cedex 9\u00a0sebastien.triqueneaux@neel.cnrs.fr, T\u00e9l.\u00a0: 04 76 88 12 02 Tr\u00e9sorier Philippe CAMUS&nbsp;CNRS, Institut N\u00e9el, B\u00e2t. E, BP 166, 38042 &hellip; <a href=\"https:\/\/www.affccs.org\/index.php\/contact\/\">Continuer la lecture <span class=\"meta-nav\">&rarr;<\/span><\/a><\/p>\n","protected":false},"author":1,"featured_media":0,"parent":0,"menu_order":0,"comment_status":"closed","ping_status":"closed","template":"","meta":{"footnotes":""},"class_list":["post-348","page","type-page","status-publish","hentry"],"_links":{"self":[{"href":"https:\/\/www.affccs.org\/index.php\/wp-json\/wp\/v2\/pages\/348","targetHints":{"allow":["GET"]}}],"collection":[{"href":"https:\/\/www.affccs.org\/index.php\/wp-json\/wp\/v2\/pages"}],"about":[{"href":"https:\/\/www.affccs.org\/index.php\/wp-json\/wp\/v2\/types\/page"}],"author":[{"embeddable":true,"href":"https:\/\/www.affccs.org\/index.php\/wp-json\/wp\/v2\/users\/1"}],"replies":[{"embeddable":true,"href":"https:\/\/www.affccs.org\/index.php\/wp-json\/wp\/v2\/comments?post=348"}],"version-history":[{"count":19,"href":"https:\/\/www.affccs.org\/index.php\/wp-json\/wp\/v2\/pages\/348\/revisions"}],"predecessor-version":[{"id":728,"href":"https:\/\/www.affccs.org\/index.php\/wp-json\/wp\/v2\/pages\/348\/revisions\/728"}],"wp:attachment":[{"href":"https:\/\/www.affccs.org\/index.php\/wp-json\/wp\/v2\/media?parent=348"}],"curies":[{"name":"wp","href":"https:\/\/api.w.org\/{rel}","templated":true}]}}