{"id":13,"date":"2018-01-17T23:37:18","date_gmt":"2018-01-17T23:37:18","guid":{"rendered":"http:\/\/www.affccs.org\/?page_id=13"},"modified":"2025-07-10T20:22:54","modified_gmt":"2025-07-10T20:22:54","slug":"call-for-abstract","status":"publish","type":"page","link":"https:\/\/www.affccs.org\/index.php\/call-for-abstract\/","title":{"rendered":"Nos manifestations"},"content":{"rendered":"\n<p><\/p>\n\n\n\n<p class=\"has-text-color has-medium-font-size\" style=\"color:#339ac6\"><em><strong>Journ\u00e9es th\u00e9matiques<\/strong><\/em><\/p>\n\n\n\n<p>\u2022 Juin 1992 au CEN Cadarache\u00a0:<strong>\u00a0<\/strong><br> <strong>\u201cCryog\u00e9nie et supraconductivit\u00e9 appliqu\u00e9es \u00e0 la fusion contr\u00f4l\u00e9e\u201d<\/strong><br>\u2022 Mars 1994 \u00e0 l\u2019Universit\u00e9 de Bordeaux\u00a0:\u00a0<strong>\u201cMat\u00e9riaux c\u00e9ramiques\u201d<\/strong><br>\u2022 Novembre 1994 aux Renardi\u00e8res\u00a0:<strong>\u00a0<\/strong><br> <strong>\u201cCryog\u00e9nie et supraconductivit\u00e9 dans le g\u00e9nie \u00e9lectrique\u201d<\/strong><br>\u2022 Septembre 1995 au CHR de Rennes\u00a0:\u00a0<br> <strong>\u201cApplications m\u00e9dicales de la cryog\u00e9nie et de la supraconductivit\u00e9\u201d<\/strong><br>\u2022 Mars 1998 \u00e0 Wazier\u00a0:\u00a0<strong>\u201cLes cent ans de l\u2019hydrog\u00e8ne liquide\u201d<\/strong><br>\u2022 Octobre 1999 aux Mureaux\u00a0:\u00a0<strong>\u201cAriane\u201d<\/strong><br>\u2022 Octobre 2001 \u00e0 Caen\u00a0:\u00a0<strong>\u201cElectronique supraconductrice \u201d<\/strong><br>\u2022 Mai 2004 \u00e0 Belfort\u00a0:\u00a0<strong>\u201cElectrotechniques et aimants supraconducteurs\u201d<\/strong><br>\u2022 Avril 2005 \u00e0 Alcatel Space Cannes\u00a0:\u00a0<strong>\u201cCryog\u00e9nie spatiale\u00a0\u00bb<\/strong><br>\u2022 Mars 2007 \u00e0 Thal\u00e8s Palaiseau\u00a0:\u00a0<strong>\u201cElectronique supraconductrice\u00a0\u00bb<\/strong><br>\u2022 Avril 2008 au CERN Gen\u00e8ve\u00a0:<strong> <\/strong><br> <strong>\u00ab\u00a0Cryog\u00e9nie et Supraconductivit\u00e9 pour le LHC et ses d\u00e9tecteurs\u00a0\u00bb<\/strong><br>\u2022 Mai 2010 \u00e0 Beauvoir en Royans\u00a0:\u00a0<br> <strong>\u00ab\u00a0Cavit\u00e9s acc\u00e9l\u00e9ratrices supraconductrices et cryog\u00e9nie associ\u00e9e\u00a0\u00bb<\/strong><br>\u2022 Juin 2011 au CEA Saclay\u00a0:\u00a0<strong>\u00ab\u00a0Journ\u00e9es th\u00e9matiques IRM et RMN\u00a0\u00bb<\/strong><br>\u2022 Juin 2013 au CERN Gen\u00e8ve\u00a0:\u00a0<strong>\u00ab\u00a0LHC, premiers r\u00e9sultats et perspectives\u00a0\u00bb<\/strong><br>\u2022\u00a0<a href=\"http:\/\/www.affccs.org\/Belfort2014\/\" target=\"_blank\" rel=\"noreferrer noopener\">Octobre 2014 \u00e0 Alstom Belfort\u00a0:\u00a0<strong>\u00ab\u00a0Aimants supraconducteurs\u00a0\u00bb<\/strong><\/a><br>\u2022\u00a0<a href=\"http:\/\/www.affccs.org\/Saclay2016-html\/\" target=\"_blank\" rel=\"noreferrer noopener\">Avril 2016 \u00e0 Saclay\u00a0:\u00a0<strong>\u00ab\u00a0Acc\u00e9l\u00e9rateurs\u00a0\u00bb<\/strong><\/a><br>\u2022\u00a0<a href=\"http:\/\/www.affccs.org\/jt2017-html\/\" target=\"_blank\" rel=\"noreferrer noopener\">Juin 2017 \u00e0 Cadarache\u00a0:\u00a0<strong>\u00ab\u00a0Fusion\u00a0\u00bb<\/strong><\/a><br>\u2022\u00a0<a href=\"http:\/\/affccs.grenoble.cnrs.fr\/jt2019-html\/\" target=\"_blank\" rel=\"noreferrer noopener\">Novembre 2019 \u00e0 Grenoble\u00a0: \u00ab\u00a0<strong>Cryog\u00e9nie spatiale<\/strong>\u00ab\u00a0<\/a><br>\u2022 <a href=\"http:\/\/www.affccs.org\/jt2023\/\" target=\"_blank\" rel=\"noreferrer noopener\">Ao\u00fbt et septembre 2023 en r\u00e9gion parisienne\u00a0:\u00a0<strong>\u00ab\u00a0Dispositifs supraconducteurs de puissance\u00a0\u00bb<\/strong><\/a><br>\u2022 <a href=\"http:\/\/www.affccs.org\/jt2025\">Octobre 2025 \u00e0 Grenoble : \u201c<strong>Cryog\u00e9nie industrielle de forte puissance<\/strong>\u201d<\/a><\/p>\n\n\n\n<p class=\"has-text-align-left has-text-color has-medium-font-size\" style=\"color:#339ac6\"><em><br><strong>\u00c9coles<\/strong><\/em><\/p>\n\n\n\n<p>\u2022 Octobre 1996 \u00e0 Belfort&nbsp;:&nbsp;<strong>\u201cCryog\u00e9n\u00e9rateurs\u201d<\/strong><br>\u2022 Octobre 1998 \u00e0 Grenoble&nbsp;:&nbsp;<strong>\u201cInstrumentation cryog\u00e9nique\u201d<\/strong><br>\u2022 Octobre 2000 \u00e0 Archamps&nbsp;:&nbsp;<strong>\u201cR\u00e9frig\u00e9ration h\u00e9lium\u201d<\/strong><br>\u2022 Octobre 2001 \u00e0 Padoue&nbsp;:&nbsp;<strong>\u201cR\u00e9frig\u00e9ration h\u00e9lium\u201d<\/strong><br>\u2022 Octobre 2002 au CERN&nbsp;:&nbsp;<strong>\u201cR\u00e9frig\u00e9ration h\u00e9lium\u201d<\/strong><br>\u2022 Octobre 2003 au CERN&nbsp;:&nbsp;<strong>\u201cR\u00e9frig\u00e9ration h\u00e9lium\u201d<\/strong><br>\u2022 Mars-Avril 2004 \u00e0 Autrans&nbsp;:&nbsp;<strong>\u201cConception des Cryostats\u201d<\/strong><br>\u2022 Octobre 2005 \u00e0 Archamps&nbsp;:&nbsp;<strong>\u201cPhysique et conducteurs supraconducteurs\u201d<\/strong><br>\u2022 Octobre 2007 \u00e0 Paris&nbsp;:&nbsp;<strong>\u201cInstrumentation cryog\u00e9nique\u201d<\/strong><br>\u2022 Juin 2009 \u00e0 Lans-en-Vercors&nbsp;:&nbsp;<strong>\u201cEuropean Summer School on Superconductivity\u201d<\/strong><br>\u2022 Octobre 2010 \u00e0 Autrans&nbsp;:&nbsp;<strong>\u201cCryor\u00e9frig\u00e9rateurs\u201d<\/strong><br>\u2022 Juin 2012 \u00e0 Lans-en-Vercors&nbsp;:&nbsp;<strong>\u201cEuropean Summer School on Superconductivity\u201d<\/strong><br>\u2022&nbsp;<a rel=\"noreferrer noopener\" href=\"http:\/\/www.affccs.org\/EcoleCryo2014\/index.html\" target=\"_blank\">Mars 2014 \u00e0 Autrans&nbsp;:&nbsp;<strong>\u201cDimensionnement des cryostats\u201d<\/strong><\/a><br>\u2022&nbsp;<a rel=\"noreferrer noopener\" href=\"http:\/\/www.affccs.org\/esas2017-html\/\" target=\"_blank\">Juin 2017 \u00e0 Autrans&nbsp;:&nbsp;<strong>\u201cEuropean Summer School on Superconductivity\u201d<\/strong><\/a><br>\u2022&nbsp;<a rel=\"noreferrer noopener\" href=\"http:\/\/www.affccs.org\/ecolecryo2017-html\" target=\"_blank\">Novembre 2017 \u00e0 Paris&nbsp;:&nbsp;<strong>\u201cInstrumentation cryog\u00e9nique\u201d<\/strong><\/a><br>\u2022&nbsp;<a rel=\"noreferrer noopener\" href=\"http:\/\/www.affccs.org\/ecolecryo2022\/\" target=\"_blank\">Septembre 2022 en Vall\u00e9e de Chevreuse&nbsp;: \u201c<strong>Conception de cryostats&nbsp;: vers l\u2019autonomie cryog\u00e9nique<\/strong>\u201d<\/a><br>\u2022&nbsp;<a rel=\"noreferrer noopener\" href=\"http:\/\/www.affccs.org\/esas2023\/\" target=\"_blank\">Juin 2023 au Col de Porte&nbsp;:&nbsp;<strong>\u201cEuropean Summer School on Superconductivity\u201d<\/strong><\/a><br>\u2022 <a href=\"http:\/\/www.affccs.org\/ecolecryo2023\/\" target=\"_blank\" rel=\"noreferrer noopener\">Octobre 2023 \u00e0 Pont-\u00e0-Mousson&nbsp;:&nbsp;<strong>\u201cInstrumentation cryog\u00e9nique\u201d<\/strong><\/a><br><\/p>\n\n\n\n<p><\/p>\n\n\n\n<p class=\"has-text-color has-medium-font-size\" style=\"color:#339ac6\"><em><strong>Derni\u00e8res Journ\u00e9es d&rsquo;Aussois<\/strong><\/em><\/p>\n\n\n\n<p>\u2022 Mai 2015&nbsp;:&nbsp;<a href=\"http:\/\/affccs.grenoble.cnrs.fr\/Aussois2015-html\/\"><strong>&nbsp;\u201c11<sup>es<\/sup>&nbsp;Journ\u00e9es de Cryog\u00e9nie et de Supraconductivit\u00e9\u201d<\/strong><\/a><br>\u2022 Juin 2018&nbsp;:&nbsp;<a href=\"http:\/\/affccs.grenoble.cnrs.fr\/aussois2018-html\/\"><strong>\u201c12<sup>es<\/sup>&nbsp;Journ\u00e9es de Cryog\u00e9nie et de Supraconductivit\u00e9\u201d<\/strong><\/a><br>\u2022 Octobre 2021&nbsp;:&nbsp;<a href=\"http:\/\/www.affccs.org\/aussois2021\/\"><strong>\u201c13<sup>es<\/sup>&nbsp;Journ\u00e9es de Cryog\u00e9nie et de Supraconductivit\u00e9\u201d<\/strong><\/a><br>\u2022 Octobre 2024 : <a href=\"http:\/\/www.affccs.org\/aussois2024\/\" data-type=\"link\" data-id=\"http:\/\/www.affccs.org\/aussois2024\/\"><strong>\u201c14<sup>es<\/sup>&nbsp;Journ\u00e9es de Cryog\u00e9nie et de Supraconductivit\u00e9\u201d<\/strong><\/a><\/p>\n","protected":false},"excerpt":{"rendered":"<p>Journ\u00e9es th\u00e9matiques \u2022 Juin 1992 au CEN Cadarache\u00a0:\u00a0 \u201cCryog\u00e9nie et supraconductivit\u00e9 appliqu\u00e9es \u00e0 la fusion contr\u00f4l\u00e9e\u201d\u2022 Mars 1994 \u00e0 l\u2019Universit\u00e9 de Bordeaux\u00a0:\u00a0\u201cMat\u00e9riaux c\u00e9ramiques\u201d\u2022 Novembre 1994 aux Renardi\u00e8res\u00a0:\u00a0 \u201cCryog\u00e9nie et supraconductivit\u00e9 dans le g\u00e9nie \u00e9lectrique\u201d\u2022 Septembre 1995 au CHR de Rennes\u00a0:\u00a0 &hellip; <a href=\"https:\/\/www.affccs.org\/index.php\/call-for-abstract\/\">Continuer la lecture <span class=\"meta-nav\">&rarr;<\/span><\/a><\/p>\n","protected":false},"author":1,"featured_media":0,"parent":0,"menu_order":0,"comment_status":"closed","ping_status":"closed","template":"","meta":{"footnotes":""},"class_list":["post-13","page","type-page","status-publish","hentry"],"_links":{"self":[{"href":"https:\/\/www.affccs.org\/index.php\/wp-json\/wp\/v2\/pages\/13","targetHints":{"allow":["GET"]}}],"collection":[{"href":"https:\/\/www.affccs.org\/index.php\/wp-json\/wp\/v2\/pages"}],"about":[{"href":"https:\/\/www.affccs.org\/index.php\/wp-json\/wp\/v2\/types\/page"}],"author":[{"embeddable":true,"href":"https:\/\/www.affccs.org\/index.php\/wp-json\/wp\/v2\/users\/1"}],"replies":[{"embeddable":true,"href":"https:\/\/www.affccs.org\/index.php\/wp-json\/wp\/v2\/comments?post=13"}],"version-history":[{"count":29,"href":"https:\/\/www.affccs.org\/index.php\/wp-json\/wp\/v2\/pages\/13\/revisions"}],"predecessor-version":[{"id":744,"href":"https:\/\/www.affccs.org\/index.php\/wp-json\/wp\/v2\/pages\/13\/revisions\/744"}],"wp:attachment":[{"href":"https:\/\/www.affccs.org\/index.php\/wp-json\/wp\/v2\/media?parent=13"}],"curies":[{"name":"wp","href":"https:\/\/api.w.org\/{rel}","templated":true}]}}