{"id":60,"date":"2018-01-17T22:22:59","date_gmt":"2018-01-17T22:22:59","guid":{"rendered":"http:\/\/www.affccs.org\/ecolecryo2023\/?page_id=60"},"modified":"2023-09-21T14:26:03","modified_gmt":"2023-09-21T14:26:03","slug":"venue","status":"publish","type":"page","link":"https:\/\/www.affccs.org\/ecolecryo2023\/index.php\/venue\/","title":{"rendered":"Acc\u00e8s"},"content":{"rendered":"\n<p>Entre Metz et Nancy, la ville de Pont-\u00e0-Mousson se situe au c\u0153ur de la r\u00e9gion Grand Est.<\/p>\n\n\n\n<p>GPS&nbsp;: 48.907909 (lat.) \u2013 6.056592 (Long.)<\/p>\n\n\n\n<figure class=\"wp-block-image size-full is-style-default\"><img loading=\"lazy\" decoding=\"async\" width=\"1024\" height=\"573\" src=\"http:\/\/www.affccs.org\/ecolecryo2023\/wp-content\/uploads\/2023\/02\/Moselle_Pont-a-Mousson-copie.jpg\" alt=\"\" class=\"wp-image-619\" srcset=\"https:\/\/www.affccs.org\/ecolecryo2023\/wp-content\/uploads\/2023\/02\/Moselle_Pont-a-Mousson-copie.jpg 1024w, https:\/\/www.affccs.org\/ecolecryo2023\/wp-content\/uploads\/2023\/02\/Moselle_Pont-a-Mousson-copie-300x168.jpg 300w, https:\/\/www.affccs.org\/ecolecryo2023\/wp-content\/uploads\/2023\/02\/Moselle_Pont-a-Mousson-copie-768x430.jpg 768w\" sizes=\"auto, (max-width: 1024px) 100vw, 1024px\" \/><\/figure>\n\n\n\n<p><strong>Acc\u00e8s en train&nbsp;et en avion<br><\/strong>L&rsquo;a\u00e9roport r\u00e9gional Metz-Nancy, ainsi que la gare Lorraine TGV se trouvent \u00e0 15 minutes en voiture\/taxi.<\/p>\n\n\n\n<p><strong>Acc\u00e8s en voiture<\/strong><br>Les autoroutes A31 et A4, \u00e0 proximit\u00e9 de la commune, la relient \u00e0 Paris, Reims, Luxembourg, Dijon, Lyon, entre autres.<\/p>\n\n\n\n<p>L&rsquo;abbaye dispose de facilit\u00e9 de stationnement avec 2 parkings publics gratuits \u00e0 l&rsquo;avant et l&rsquo;arri\u00e8re du b\u00e2timent.<\/p>\n\n\n\n<p><strong>Navette depuis la gare de Nancy ville<\/strong><\/p>\n\n\n\n<p class=\"has-text-color\" style=\"color:#6b20a5\"><em><strong>Une navette vous sera propos\u00e9e lundi 9 entre la gare de Nancy ville et l&rsquo;Abbaye, vers 18 h.<\/strong><\/em><\/p>\n\n\n\n<p class=\"has-text-color\" style=\"color:#6b20a5\">Le lieu de prise en charge sera \u00e0 la gare Saint L\u00e9on, 1 min \u00e0 pied depuis le hall d&rsquo;arriv\u00e9e (<a href=\"http:\/\/www.affccs.org\/ecolecryo2023\/wp-content\/uploads\/2023\/09\/plan-gare.pdf\">plan joint<\/a> et plan <a href=\"https:\/\/maps.app.goo.gl\/4B6PazrWQdZVuY659\" target=\"_blank\" rel=\"noreferrer noopener\">Google Maps<\/a> avec les coordonn\u00e9es GPS<\/p>\n\n\n\n<p>Le dernier jour de l&rsquo;\u00c9cole, une navette prendra en charge les participants \u00e0 8 h \u00e0 l&rsquo;Abbaye pour arriver vers 8 h 45 \u00e0 la Facult\u00e9 des Sciences pour les visites. <br>Les personnes souhaitant rejoindre la gare pourront le faire en transport en commun en utilisant la ligne de bus T3 (<a href=\"http:\/\/www.affccs.org\/ecolecryo2023\/wp-content\/uploads\/2023\/09\/LIGNE-T3_-SEMAINE.pdf\">pi\u00e8ce jointe avec horaires<\/a>) : d\u00e9part \u00ab\u00a0Villers Campus Sciences\u00a0\u00bb et arr\u00eat de descente \u00ab\u00a0Nancy Gare\u00a0\u00bb.<\/p>\n\n\n\n<figure><iframe src=\"https:\/\/www.google.com\/maps\/embed?pb=!1m14!1m8!1m3!1d41959.870353678234!2d6.0837594!3d48.9060198!3m2!1i1024!2i768!4f13.1!3m3!1m2!1s0x0%3A0x3e1c92d967411f6e!2sAbbaye%20des%20Pr%C3%A9montr%C3%A9s!5e0!3m2!1sfr!2sfr!4v1675438389750!5m2!1sfr!2sfr\" width=\"600\" height=\"450\" style=\"border:0;\" allowfullscreen=\"\" loading=\"lazy\" referrerpolicy=\"no-referrer-when-downgrade\"><\/iframe><\/figure>\n","protected":false},"excerpt":{"rendered":"<p>Entre Metz et Nancy, la ville de Pont-\u00e0-Mousson se situe au c\u0153ur de la r\u00e9gion Grand Est. GPS&nbsp;: 48.907909 (lat.) \u2013 6.056592 (Long.) Acc\u00e8s en train&nbsp;et en avionL&rsquo;a\u00e9roport r\u00e9gional Metz-Nancy, ainsi que la gare Lorraine TGV se trouvent \u00e0 15 &hellip; <a href=\"https:\/\/www.affccs.org\/ecolecryo2023\/index.php\/venue\/\">Continuer la lecture <span class=\"meta-nav\">&rarr;<\/span><\/a><\/p>\n","protected":false},"author":1,"featured_media":0,"parent":0,"menu_order":0,"comment_status":"closed","ping_status":"closed","template":"","meta":{"footnotes":""},"class_list":["post-60","page","type-page","status-publish","hentry"],"_links":{"self":[{"href":"https:\/\/www.affccs.org\/ecolecryo2023\/index.php\/wp-json\/wp\/v2\/pages\/60","targetHints":{"allow":["GET"]}}],"collection":[{"href":"https:\/\/www.affccs.org\/ecolecryo2023\/index.php\/wp-json\/wp\/v2\/pages"}],"about":[{"href":"https:\/\/www.affccs.org\/ecolecryo2023\/index.php\/wp-json\/wp\/v2\/types\/page"}],"author":[{"embeddable":true,"href":"https:\/\/www.affccs.org\/ecolecryo2023\/index.php\/wp-json\/wp\/v2\/users\/1"}],"replies":[{"embeddable":true,"href":"https:\/\/www.affccs.org\/ecolecryo2023\/index.php\/wp-json\/wp\/v2\/comments?post=60"}],"version-history":[{"count":30,"href":"https:\/\/www.affccs.org\/ecolecryo2023\/index.php\/wp-json\/wp\/v2\/pages\/60\/revisions"}],"predecessor-version":[{"id":706,"href":"https:\/\/www.affccs.org\/ecolecryo2023\/index.php\/wp-json\/wp\/v2\/pages\/60\/revisions\/706"}],"wp:attachment":[{"href":"https:\/\/www.affccs.org\/ecolecryo2023\/index.php\/wp-json\/wp\/v2\/media?parent=60"}],"curies":[{"name":"wp","href":"https:\/\/api.w.org\/{rel}","templated":true}]}}