{"id":348,"date":"2020-02-21T09:26:20","date_gmt":"2020-02-21T09:26:20","guid":{"rendered":"http:\/\/www.affccs.org\/aussois2024\/?page_id=348"},"modified":"2024-02-06T12:32:26","modified_gmt":"2024-02-06T12:32:26","slug":"contact","status":"publish","type":"page","link":"https:\/\/www.affccs.org\/aussois2024\/index.php\/contact\/","title":{"rendered":"Contact"},"content":{"rendered":"\n<p><\/p>\n\n\n\n<p><strong>Association Fran\u00e7aise du Froid<br>Commission Cryog\u00e9nie et Supraconductivit\u00e9<\/strong><br>Institut N\u00c9EL \/ CNRS (B\u00e2t. E)<br>25, rue des Martyrs \u2013 BP 166<br>38042 Grenoble Cedex 9<\/p>\n\n\n\n<p><strong>Pour toute question d\u2019ordre financier, merci de contacter&nbsp;:<\/strong><br>Isabelle GHEZ<br>T\u00e9l.&nbsp;: 04 76 88 74 06<br><a href=\"mailto:isabelle.ghez@neel.cnrs.fr\">isabelle.ghez@neel.cnrs.fr<\/a><\/p>\n\n\n\n<p><strong>Pour la pr\u00e9sentation de mat\u00e9riels scientifiques, merci de contacter&nbsp;:&nbsp;<\/strong><br>xxx<br>T\u00e9l.&nbsp;: 04 76 88 <br><a href=\"mailto:xxx@neel.cnrs.fr\">xxx@neel.cnrs.fr<\/a><\/p>\n\n\n\n<p><strong>Secr\u00e9tariat AFF-CCS&nbsp;:<\/strong><br>\u00c9lodie FERRARA<br>T\u00e9l.&nbsp;: 04 76 88 10 16<br><a href=\"mailto:affccs@neel.cnrs.fr\">affccs@neel.cnrs.fr<\/a><\/p>\n\n\n\n<p class=\"has-text-align-center has-text-color\" style=\"color:#fc654e\"><em><strong>Autres sites et contacts utiles<\/strong><\/em><br>&nbsp;<\/p>\n\n\n\n<p><strong>Centre Paul-Langevin d\u2019Aussois<\/strong><br><a href=\"https:\/\/www.caes.cnrs.fr\/sejours\/centre-paul-langevin\/\">CAES du CNRS<\/a><br>24, rue du Coin 73500 Aussois<br>T\u00e9l.&nbsp;: 04 79 20 33 86 <br>aussoiss@caes.cnrs.fr<\/p>\n\n\n\n<p><strong>Maison d\u2019Aussois<br>Office de Tourisme<\/strong><br>T\u00e9l.&nbsp;: +33 4 79 20 30 80<br>info@aussois.com<br><a href=\"http:\/\/www.aussois.com\/ete\">http:\/\/www.aussois.com<\/a><\/p>\n\n\n\n<h4 class=\"wp-block-heading spip has-text-color\" style=\"color:#6f86d6\"><\/h4>\n\n\n\n<figure class=\"wp-block-gallery has-nested-images columns-default is-cropped wp-block-gallery-1 is-layout-flex wp-block-gallery-is-layout-flex\"><\/figure>\n","protected":false},"excerpt":{"rendered":"<p>Association Fran\u00e7aise du FroidCommission Cryog\u00e9nie et Supraconductivit\u00e9Institut N\u00c9EL \/ CNRS (B\u00e2t. E)25, rue des Martyrs \u2013 BP 16638042 Grenoble Cedex 9 Pour toute question d\u2019ordre financier, merci de contacter&nbsp;:Isabelle GHEZT\u00e9l.&nbsp;: 04 76 88 74 06isabelle.ghez@neel.cnrs.fr Pour la pr\u00e9sentation de mat\u00e9riels &hellip; <a href=\"https:\/\/www.affccs.org\/aussois2024\/index.php\/contact\/\">Continuer la lecture <span class=\"meta-nav\">&rarr;<\/span><\/a><\/p>\n","protected":false},"author":1,"featured_media":0,"parent":0,"menu_order":0,"comment_status":"closed","ping_status":"closed","template":"","meta":{"footnotes":""},"class_list":["post-348","page","type-page","status-publish","hentry"],"_links":{"self":[{"href":"https:\/\/www.affccs.org\/aussois2024\/index.php\/wp-json\/wp\/v2\/pages\/348","targetHints":{"allow":["GET"]}}],"collection":[{"href":"https:\/\/www.affccs.org\/aussois2024\/index.php\/wp-json\/wp\/v2\/pages"}],"about":[{"href":"https:\/\/www.affccs.org\/aussois2024\/index.php\/wp-json\/wp\/v2\/types\/page"}],"author":[{"embeddable":true,"href":"https:\/\/www.affccs.org\/aussois2024\/index.php\/wp-json\/wp\/v2\/users\/1"}],"replies":[{"embeddable":true,"href":"https:\/\/www.affccs.org\/aussois2024\/index.php\/wp-json\/wp\/v2\/comments?post=348"}],"version-history":[{"count":21,"href":"https:\/\/www.affccs.org\/aussois2024\/index.php\/wp-json\/wp\/v2\/pages\/348\/revisions"}],"predecessor-version":[{"id":701,"href":"https:\/\/www.affccs.org\/aussois2024\/index.php\/wp-json\/wp\/v2\/pages\/348\/revisions\/701"}],"wp:attachment":[{"href":"https:\/\/www.affccs.org\/aussois2024\/index.php\/wp-json\/wp\/v2\/media?parent=348"}],"curies":[{"name":"wp","href":"https:\/\/api.w.org\/{rel}","templated":true}]}}