{"id":14,"date":"2018-01-17T23:37:18","date_gmt":"2018-01-17T23:37:18","guid":{"rendered":"http:\/\/www.affccs.org\/aussois2024\/?page_id=14"},"modified":"2024-10-14T10:50:56","modified_gmt":"2024-10-14T10:50:56","slug":"program","status":"publish","type":"page","link":"https:\/\/www.affccs.org\/aussois2024\/index.php\/program\/","title":{"rendered":"Programme"},"content":{"rendered":"\n<p><strong>Les th\u00e8mes abord\u00e9s lors des 14<sup>es<\/sup> Journ\u00e9es de la Cryog\u00e9nie et de la Supraconductivit\u00e9 concernent&nbsp;:<\/strong><\/p>\n\n\n\n<ul class=\"wp-block-list\">\n<li>la fusion (ITER, JT-60SA\u2026),<\/li>\n\n\n\n<li>les acc\u00e9l\u00e9rateurs (HL-LHC, ESS, MYRRHA\u2026),<\/li>\n\n\n\n<li>les missions cryog\u00e9niques spatiales (Athena, liteBIRD\u2026),<\/li>\n\n\n\n<li>un bilan sur Ariane 6,<\/li>\n\n\n\n<li>la supraconductivit\u00e9 appliqu\u00e9e, des mat\u00e9riaux (rubans REBCO) aux applications (projets SuperRail, Scarlet et ASCEND, aimants hybride et \u00e0 haute temp\u00e9rature critique\u2026),<\/li>\n\n\n\n<li>l&rsquo;hydrog\u00e8ne liquide pour la mobilit\u00e9,<\/li>\n\n\n\n<li>la cryog\u00e9nie (boucles fluides, Qucube Cryog\u00e9nique, turbo Brayton\u2026).<br><\/li>\n<\/ul>\n\n\n\n<div data-wp-interactive=\"core\/file\" class=\"wp-block-file\"><object data-wp-bind--hidden=\"!state.hasPdfPreview\" hidden class=\"wp-block-file__embed\" data=\"http:\/\/www.affccs.org\/aussois2024\/wp-content\/uploads\/2024\/10\/programme-V14-14oct24.pdf\" type=\"application\/pdf\" style=\"width:100%;height:600px\" aria-label=\"Contenu embarqu\u00e9 programme-V14-14oct24.\"><\/object><a id=\"wp-block-file--media-1311a6c6-92a6-4ef2-b9ac-9683768c6409\" href=\"http:\/\/www.affccs.org\/aussois2024\/wp-content\/uploads\/2024\/10\/programme-V14-14oct24.pdf\">programme-V14-14oct24<\/a><a href=\"http:\/\/www.affccs.org\/aussois2024\/wp-content\/uploads\/2024\/10\/programme-V14-14oct24.pdf\" class=\"wp-block-file__button wp-element-button\" download aria-describedby=\"wp-block-file--media-1311a6c6-92a6-4ef2-b9ac-9683768c6409\">T\u00e9l\u00e9charger<\/a><\/div>\n","protected":false},"excerpt":{"rendered":"<p>Les th\u00e8mes abord\u00e9s lors des 14es Journ\u00e9es de la Cryog\u00e9nie et de la Supraconductivit\u00e9 concernent&nbsp;:<\/p>\n","protected":false},"author":1,"featured_media":0,"parent":0,"menu_order":0,"comment_status":"closed","ping_status":"closed","template":"","meta":{"footnotes":""},"class_list":["post-14","page","type-page","status-publish","hentry"],"_links":{"self":[{"href":"https:\/\/www.affccs.org\/aussois2024\/index.php\/wp-json\/wp\/v2\/pages\/14","targetHints":{"allow":["GET"]}}],"collection":[{"href":"https:\/\/www.affccs.org\/aussois2024\/index.php\/wp-json\/wp\/v2\/pages"}],"about":[{"href":"https:\/\/www.affccs.org\/aussois2024\/index.php\/wp-json\/wp\/v2\/types\/page"}],"author":[{"embeddable":true,"href":"https:\/\/www.affccs.org\/aussois2024\/index.php\/wp-json\/wp\/v2\/users\/1"}],"replies":[{"embeddable":true,"href":"https:\/\/www.affccs.org\/aussois2024\/index.php\/wp-json\/wp\/v2\/comments?post=14"}],"version-history":[{"count":117,"href":"https:\/\/www.affccs.org\/aussois2024\/index.php\/wp-json\/wp\/v2\/pages\/14\/revisions"}],"predecessor-version":[{"id":785,"href":"https:\/\/www.affccs.org\/aussois2024\/index.php\/wp-json\/wp\/v2\/pages\/14\/revisions\/785"}],"wp:attachment":[{"href":"https:\/\/www.affccs.org\/aussois2024\/index.php\/wp-json\/wp\/v2\/media?parent=14"}],"curies":[{"name":"wp","href":"https:\/\/api.w.org\/{rel}","templated":true}]}}