{"id":11,"date":"2018-01-17T23:37:18","date_gmt":"2018-01-17T23:37:18","guid":{"rendered":"http:\/\/www.affccs.org\/aussois2024\/?page_id=11"},"modified":"2024-08-27T21:54:43","modified_gmt":"2024-08-27T21:54:43","slug":"invited-speakers","status":"publish","type":"page","link":"https:\/\/www.affccs.org\/aussois2024\/index.php\/invited-speakers\/","title":{"rendered":"Inscription"},"content":{"rendered":"\n<p class=\"has-text-color\" style=\"color:#fc654e\"><br><\/p>\n\n\n\n<p><strong>Les inscriptions sont d\u00e9sormais  closes.<\/strong><\/p>\n\n\n\n<p><strong>Le formulaire n&rsquo;est plus disponible car toutes les chambres sont compl\u00e8tes. Si vous souhaitez vous inscrire sans h\u00e9bergement, merci de nous contacter par mail : affccs@neel.cnrs.fr <\/strong><\/p>\n\n\n\n<p class=\"has-black-color has-text-color\">Les droits d\u2019inscription concernent l\u2019ensemble du colloque (acc\u00e8s aux pr\u00e9sentations, navettes, h\u00e9bergement (sauf h\u00f4tel), repas du d\u00eener du 15 octobre au d\u00e9jeuner du 18 octobre, recueil des r\u00e9sum\u00e9s, CD des pr\u00e9sentations).<\/p>\n\n\n\n<p>Votre r\u00e8glement (ch\u00e8que, virement, carte bancaire ou bon de commande) devra \u00eatre \u00e9tabli \u00e0 l\u2019ordre de l\u2019AFF et transmis imp\u00e9rativement avant le d\u00e9but du colloque \u00e0&nbsp;:<\/p>\n\n\n\n<blockquote class=\"wp-block-quote is-layout-flow wp-block-quote-is-layout-flow\">\n<p>Isabelle GHEZ<br>CNRS \/ Institut N\u00c9EL<br>25 rue des Martyrs \u2013 BP 166<br>38042 Grenoble cedex 9<\/p>\n<\/blockquote>\n\n\n\n<p><br>Sans r\u00e9ception de votre bon de commande ou de votre r\u00e8glement avant les Journ\u00e9es d\u2019Aussois, votre inscription ne sera pas valid\u00e9e.<br>Pour plus de renseignements sur nos coordonn\u00e9es bancaires&nbsp;<a href=\"mailto:isabelle.ghez@neel.cnrs.fr\">contactez-nous<\/a>.<\/p>\n\n\n\n<p>\u00c0 noter&nbsp;: seules les personnes faisant partie d\u2019un laboratoire (ou soci\u00e9t\u00e9\/entreprise) fran\u00e7ais ou du CERN peuvent participer \u00e0 cette \u00e9cole.\u2028<\/p>\n\n\n\n<p><strong>Pour tout r\u00e8glement par carte bancaire, vous recevrez la marche \u00e0 suivre par mail en m\u00eame temps que votre confirmation d\u2019inscription.<\/strong>&nbsp;<\/p>\n\n\n\n<p class=\"has-text-color\" style=\"color:#fc654e\">Montant des frais d&rsquo;inscription<\/p>\n\n\n\n<p>Tous les montants indiqu\u00e9s dans le tableau ci-dessous sont TTC (TVA \u00e0 20&nbsp;%).&nbsp;&nbsp;<\/p>\n\n\n\n<figure class=\"wp-block-image size-full\"><img loading=\"lazy\" decoding=\"async\" width=\"981\" height=\"972\" src=\"http:\/\/www.affccs.org\/aussois2024\/wp-content\/uploads\/2024\/07\/Capture-decran-2024-07-04-a-15.28.48.png\" alt=\"\" class=\"wp-image-758\" srcset=\"https:\/\/www.affccs.org\/aussois2024\/wp-content\/uploads\/2024\/07\/Capture-decran-2024-07-04-a-15.28.48.png 981w, https:\/\/www.affccs.org\/aussois2024\/wp-content\/uploads\/2024\/07\/Capture-decran-2024-07-04-a-15.28.48-300x297.png 300w, https:\/\/www.affccs.org\/aussois2024\/wp-content\/uploads\/2024\/07\/Capture-decran-2024-07-04-a-15.28.48-150x150.png 150w, https:\/\/www.affccs.org\/aussois2024\/wp-content\/uploads\/2024\/07\/Capture-decran-2024-07-04-a-15.28.48-768x761.png 768w\" sizes=\"auto, (max-width: 981px) 100vw, 981px\" \/><\/figure>\n\n\n\n<p><\/p>\n","protected":false},"excerpt":{"rendered":"<p>Les inscriptions sont d\u00e9sormais closes. Le formulaire n&rsquo;est plus disponible car toutes les chambres sont compl\u00e8tes. Si vous souhaitez vous inscrire sans h\u00e9bergement, merci de nous contacter par mail : affccs@neel.cnrs.fr Les droits d\u2019inscription concernent l\u2019ensemble du colloque (acc\u00e8s aux &hellip; <a href=\"https:\/\/www.affccs.org\/aussois2024\/index.php\/invited-speakers\/\">Continuer la lecture <span class=\"meta-nav\">&rarr;<\/span><\/a><\/p>\n","protected":false},"author":1,"featured_media":0,"parent":0,"menu_order":0,"comment_status":"closed","ping_status":"closed","template":"","meta":{"footnotes":""},"class_list":["post-11","page","type-page","status-publish","hentry"],"_links":{"self":[{"href":"https:\/\/www.affccs.org\/aussois2024\/index.php\/wp-json\/wp\/v2\/pages\/11","targetHints":{"allow":["GET"]}}],"collection":[{"href":"https:\/\/www.affccs.org\/aussois2024\/index.php\/wp-json\/wp\/v2\/pages"}],"about":[{"href":"https:\/\/www.affccs.org\/aussois2024\/index.php\/wp-json\/wp\/v2\/types\/page"}],"author":[{"embeddable":true,"href":"https:\/\/www.affccs.org\/aussois2024\/index.php\/wp-json\/wp\/v2\/users\/1"}],"replies":[{"embeddable":true,"href":"https:\/\/www.affccs.org\/aussois2024\/index.php\/wp-json\/wp\/v2\/comments?post=11"}],"version-history":[{"count":68,"href":"https:\/\/www.affccs.org\/aussois2024\/index.php\/wp-json\/wp\/v2\/pages\/11\/revisions"}],"predecessor-version":[{"id":777,"href":"https:\/\/www.affccs.org\/aussois2024\/index.php\/wp-json\/wp\/v2\/pages\/11\/revisions\/777"}],"wp:attachment":[{"href":"https:\/\/www.affccs.org\/aussois2024\/index.php\/wp-json\/wp\/v2\/media?parent=11"}],"curies":[{"name":"wp","href":"https:\/\/api.w.org\/{rel}","templated":true}]}}